{"id":275,"date":"2015-11-30T23:34:44","date_gmt":"2015-11-30T22:34:44","guid":{"rendered":"http:\/\/www.buchscout.net\/?page_id=275"},"modified":"2018-01-16T19:12:18","modified_gmt":"2018-01-16T18:12:18","slug":"imprint","status":"publish","type":"page","link":"https:\/\/buchscout.net\/en\/imprint\/","title":{"rendered":"Impressum"},"content":{"rendered":"<p><span id=\"result_box\" class=\"\" lang=\"en\"><span title=\"Impressum \">imprint<br \/>\n<\/span><span title=\"Angaben gem\u00e4\u00df \u00a7 5 TMG: \">According to \u00a7 5 TMG:<\/span><\/span><\/p>\n<p><span title=\"Suzanne Pradel \">Suzanne Pradel<br \/>\n<\/span><span title=\"BuchScout \">BuchScout &amp; SerienScout Agency<br \/>\n<\/span><span title=\"Pillauer Stra\u00dfe 5 \">Pillauer Stra\u00dfe 5<br \/>\n<\/span><span title=\"10243 Berlin \">10243 Berlin<\/span><\/p>\n<p><span title=\"Verantwortlich f\u00fcr den Inhalt nach \u00a7 55 Abs. 2 RStV: \">Responsible for the content according to \u00a7 55 Abs. 2 RStV:<\/span><\/p>\n<p><span title=\"Suzanne Pradel \">Suzanne Pradel<br \/>\n<\/span><span title=\"Quellenangaben f\u00fcr die verwendeten Bilder und Grafiken: \">Sources for the images and graphics used:<\/span><\/p>\n<p><span title=\"soweit nicht anders angegeben sind die verwendeten Grafiken und Designs dieser Seite erstellt von Patrizia Golosch-G\u00f6tz, Agentur GO \">Unless otherwise stated, are the graphics and designs this page created by Patrizia Golosch-G\u00f6tz, <a href=\"http:\/\/www.agentur-go.de\" target=\"_blank\" rel=\"noopener\">Agentur GO<\/a><br \/>\n<\/span><span title=\"Haftungsausschluss (Disclaimer) \">Disclaimer (Disclaimer)<\/span><\/p>\n<p><span title=\"Haftung f\u00fcr Inhalte \">Liability for content<\/span><\/p>\n<p><span title=\"Als Diensteanbieter sind wir gem\u00e4\u00df \u00a7 7 Abs.1 TMG f\u00fcr eigene Inhalte auf diesen Seiten nach den allgemeinen Gesetzen verantwortlich.\">As a service provider we are responsible according to \u00a7 7 Abs.1 TMG for own contents on these pages under the general laws. <\/span><span title=\"Nach \u00a7\u00a7 8 bis 10 TMG sind wir als Diensteanbieter jedoch nicht verpflichtet, \u00fcbermittelte oder gespeicherte fremde Informationen zu \u00fcberwachen oder nach Umst\u00e4nden zu forschen, die auf eine rechtswidrige T\u00e4tigkeit hinweisen.\">According to \u00a7\u00a7 8 to 10 TMG we are not obligated as a service provider to monitor transmitted or stored foreign information or to investigate circumstances that indicate illegal activity. <\/span><span title=\"Verpflichtungen zur Entfernung oder Sperrung der Nutzung von Informationen nach den allgemeinen Gesetzen bleiben hiervon unber\u00fchrt.\">Obligations to remove or block the use of information under the general laws remain unaffected. <\/span><span title=\"Eine diesbez\u00fcgliche Haftung ist jedoch erst ab dem Zeitpunkt der Kenntnis einer konkreten Rechtsverletzung m\u00f6glich.\">However, a relevant liability is only possible from the date of knowledge of a specific infringement. <\/span><span title=\"Bei Bekanntwerden von entsprechenden Rechtsverletzungen werden wir diese Inhalte umgehend entfernen. \">Upon notification of such violations, we will immediately remove this content.<\/span><\/p>\n<p><span title=\"Haftung f\u00fcr Links \">Liability for links<\/span><\/p>\n<p><span title=\"Unser Angebot enth\u00e4lt Links zu externen Webseiten Dritter, auf deren Inhalte wir keinen Einfluss haben.\">Our site contains links to external websites, over which we have no influence. <\/span><span title=\"Deshalb k\u00f6nnen wir f\u00fcr diese fremden Inhalte auch keine Gew\u00e4hr \u00fcbernehmen.\">Therefore we can not accept any liability for this external content. <\/span><span title=\"F\u00fcr die Inhalte der verlinkten Seiten ist stets der jeweilige Anbieter oder Betreiber der Seiten verantwortlich.\">The respective provider or operator of such sites is always responsible for the contents of any Linked Site. <\/span><span title=\"Die verlinkten Seiten wurden zum Zeitpunkt der Verlinkung auf m\u00f6gliche Rechtsverst\u00f6\u00dfe \u00fcberpr\u00fcft.\">The linked sites were checked at the time of linking for possible legal violations. <\/span><span title=\"Rechtswidrige Inhalte waren zum Zeitpunkt der Verlinkung nicht erkennbar.\">Illegal contents were at the time of linking. <\/span><span title=\"Eine permanente inhaltliche Kontrolle der verlinkten Seiten ist jedoch ohne konkrete Anhaltspunkte einer Rechtsverletzung nicht zumutbar.\">A permanent control of the linked pages is unreasonable without concrete evidence of a violation. <\/span><span title=\"Bei Bekanntwerden von Rechtsverletzungen werden wir derartige Links umgehend entfernen. \">Upon notification of violations, we will remove such links immediately.<\/span><\/p>\n<p><span title=\"Urheberrecht \">copyright<\/span><\/p>\n<p><span title=\"Die durch die Seitenbetreiber erstellten Inhalte und Werke auf diesen Seiten unterliegen dem deutschen Urheberrecht.\">The contents and works on these pages created by the site operators are subject to German copyright law. <\/span><span title=\"Die Vervielf\u00e4ltigung, Bearbeitung, Verbreitung und jede Art der Verwertung au\u00dferhalb der Grenzen des Urheberrechtes bed\u00fcrfen der schriftlichen Zustimmung des jeweiligen Autors bzw. Erstellers.\">The reproduction, adaptation, distribution and any kind of exploitation outside the limits of copyright require the written consent of the respective author or creator. <\/span><span title=\"Downloads und Kopien dieser Seite sind nur f\u00fcr den privaten, nicht kommerziellen Gebrauch gestattet.\">Downloads and copies of these pages are only permitted for private, non-commercial use. <\/span><span title=\"Soweit die Inhalte auf dieser Seite nicht vom Betreiber erstellt wurden, werden die Urheberrechte Dritter beachtet.\">Insofar as the content is not created by the website operator, the property rights of third parties. <\/span><span title=\"Insbesondere werden Inhalte Dritter als solche gekennzeichnet.\">In particular contents of third parties are marked as such. <\/span><span title=\"Sollten Sie trotzdem auf eine Urheberrechtsverletzung aufmerksam werden, bitten wir um einen entsprechenden Hinweis.\">Should you nevertheless become aware of copyright infringement, we ask for a hint. <\/span><span title=\"Bei Bekanntwerden von Rechtsverletzungen werden wir derartige Inhalte umgehend entfernen. \">Upon notification of violations, we will remove such content immediately.<\/span><\/p>\n<p><span title=\"Dieses Impressum wurde erstellt mit Hilfe von: http:\/\/www.e-recht24.de\">This imprint was created with the help of: <a href=\"http:\/\/www.e-recht24.de\" target=\"_blank\" rel=\"noopener\">http:\/\/www.e-recht24.de<\/a><\/span><\/p>\n","protected":false},"excerpt":{"rendered":"<p>imprint According to \u00a7 5 TMG: Suzanne Pradel BuchScout &amp; SerienScout Agency Pillauer Stra\u00dfe 5 10243 Berlin Responsible for the content according to \u00a7 55 Abs. 2 RStV: Suzanne Pradel Sources for the images and graphics used: Unless otherwise stated, are the graphics and designs this page created by Patrizia Golosch-G\u00f6tz, Agentur GO Disclaimer (Disclaimer) <a class=\"more-link\" href=\"https:\/\/buchscout.net\/en\/imprint\/\">Continue reading <i class=\"fa fa-chevron-right\"><\/i><\/a><\/p>\n","protected":false},"author":1,"featured_media":0,"parent":0,"menu_order":0,"comment_status":"closed","ping_status":"closed","template":"","meta":{"footnotes":""},"class_list":["post-275","page","type-page","status-publish","hentry"],"aioseo_notices":[],"_links":{"self":[{"href":"https:\/\/buchscout.net\/en\/wp-json\/wp\/v2\/pages\/275","targetHints":{"allow":["GET"]}}],"collection":[{"href":"https:\/\/buchscout.net\/en\/wp-json\/wp\/v2\/pages"}],"about":[{"href":"https:\/\/buchscout.net\/en\/wp-json\/wp\/v2\/types\/page"}],"author":[{"embeddable":true,"href":"https:\/\/buchscout.net\/en\/wp-json\/wp\/v2\/users\/1"}],"replies":[{"embeddable":true,"href":"https:\/\/buchscout.net\/en\/wp-json\/wp\/v2\/comments?post=275"}],"version-history":[{"count":3,"href":"https:\/\/buchscout.net\/en\/wp-json\/wp\/v2\/pages\/275\/revisions"}],"predecessor-version":[{"id":842,"href":"https:\/\/buchscout.net\/en\/wp-json\/wp\/v2\/pages\/275\/revisions\/842"}],"wp:attachment":[{"href":"https:\/\/buchscout.net\/en\/wp-json\/wp\/v2\/media?parent=275"}],"curies":[{"name":"wp","href":"https:\/\/api.w.org\/{rel}","templated":true}]}}